{"id":128,"date":"2023-03-12T20:42:13","date_gmt":"2023-03-12T20:42:13","guid":{"rendered":"http:\/\/www.dynamictelecom.net\/?page_id=128"},"modified":"2023-03-14T19:19:06","modified_gmt":"2023-03-14T19:19:06","slug":"webhosting","status":"publish","type":"page","link":"http:\/\/www.dynamictelecom.net\/?page_id=128","title":{"rendered":"Webhosting"},"content":{"rendered":"\n<div class=\"wp-block-group\"><div class=\"wp-block-group__inner-container is-layout-constrained wp-block-group-is-layout-constrained\">\n<p class=\"has-very-light-gray-to-cyan-bluish-gray-gradient-background has-background\">Web hosting-ul reprezint\u0103 serviciul de g\u0103zduire a unui site web pe un server. Acesta permite utilizatorilor s\u0103 \u00ee\u0219i publice site-ul pe internet \u0219i s\u0103 \u00eel fac\u0103 accesibil vizitatorilor din \u00eentreaga lume. Exist\u0103 o varietate de servicii de web hosting disponibile, iar alegerea unuia depinde de nevoile specifice ale site-ului dumneavoastr\u0103.<\/p>\n<\/div><\/div>\n\n\n\n<figure class=\"wp-block-gallery has-nested-images columns-6 wp-block-gallery-1 is-layout-flex wp-block-gallery-is-layout-flex\">\n<figure class=\"wp-block-image size-large\"><img loading=\"lazy\" decoding=\"async\" width=\"301\" height=\"167\" data-id=\"180\" src=\"http:\/\/www.dynamictelecom.net\/wp-content\/uploads\/2023\/03\/images.png\" alt=\"\" class=\"wp-image-180\"\/><\/figure>\n\n\n\n<figure class=\"wp-block-image size-large\"><img loading=\"lazy\" decoding=\"async\" width=\"224\" height=\"224\" data-id=\"179\" src=\"http:\/\/www.dynamictelecom.net\/wp-content\/uploads\/2023\/03\/download.png\" alt=\"\" class=\"wp-image-179\" srcset=\"http:\/\/www.dynamictelecom.net\/wp-content\/uploads\/2023\/03\/download.png 224w, http:\/\/www.dynamictelecom.net\/wp-content\/uploads\/2023\/03\/download-150x150.png 150w\" sizes=\"auto, (max-width: 224px) 100vw, 224px\" \/><\/figure>\n\n\n\n<figure class=\"wp-block-image size-large\"><img loading=\"lazy\" decoding=\"async\" width=\"225\" height=\"225\" data-id=\"176\" src=\"http:\/\/www.dynamictelecom.net\/wp-content\/uploads\/2023\/03\/download.jpeg\" alt=\"\" class=\"wp-image-176\" srcset=\"http:\/\/www.dynamictelecom.net\/wp-content\/uploads\/2023\/03\/download.jpeg 225w, http:\/\/www.dynamictelecom.net\/wp-content\/uploads\/2023\/03\/download-150x150.jpeg 150w\" sizes=\"auto, (max-width: 225px) 100vw, 225px\" \/><\/figure>\n\n\n\n<figure class=\"wp-block-image size-large\"><img loading=\"lazy\" decoding=\"async\" width=\"404\" height=\"125\" data-id=\"177\" src=\"http:\/\/www.dynamictelecom.net\/wp-content\/uploads\/2023\/03\/download-1.png\" alt=\"\" class=\"wp-image-177\" srcset=\"http:\/\/www.dynamictelecom.net\/wp-content\/uploads\/2023\/03\/download-1.png 404w, http:\/\/www.dynamictelecom.net\/wp-content\/uploads\/2023\/03\/download-1-300x93.png 300w\" sizes=\"auto, (max-width: 404px) 100vw, 404px\" \/><\/figure>\n\n\n\n<figure class=\"wp-block-image size-large\"><img loading=\"lazy\" decoding=\"async\" width=\"318\" height=\"159\" data-id=\"175\" src=\"http:\/\/www.dynamictelecom.net\/wp-content\/uploads\/2023\/03\/download-2.png\" alt=\"\" class=\"wp-image-175\" srcset=\"http:\/\/www.dynamictelecom.net\/wp-content\/uploads\/2023\/03\/download-2.png 318w, http:\/\/www.dynamictelecom.net\/wp-content\/uploads\/2023\/03\/download-2-300x150.png 300w\" sizes=\"auto, (max-width: 318px) 100vw, 318px\" \/><\/figure>\n\n\n\n<figure class=\"wp-block-image size-large\"><img loading=\"lazy\" decoding=\"async\" width=\"247\" height=\"204\" data-id=\"178\" src=\"http:\/\/www.dynamictelecom.net\/wp-content\/uploads\/2023\/03\/download-3.png\" alt=\"\" class=\"wp-image-178\"\/><\/figure>\n<\/figure>\n\n\n\n<p>Iat\u0103 c\u00e2teva caracteristici importante pe care ar trebui s\u0103 le c\u0103uta\u021bi \u00eentr-un serviciu de web hosting:<\/p>\n\n\n\n<ul class=\"wp-block-list\">\n<li>Uptime: Este important s\u0103 alege\u021bi un furnizor de web hosting care ofer\u0103 o garan\u021bie de uptime bun\u0103. \u00cen general, cu c\u00e2t este mai mare garan\u021bia de uptime, cu at\u00e2t mai bine. \u00cen mod ideal, ar trebui s\u0103 c\u0103uta\u021bi un furnizor care ofer\u0103 o garan\u021bie de uptime de cel pu\u021bin 99,9%.<\/li>\n\n\n\n<li>Viteza de \u00eenc\u0103rcare: Viteza de \u00eenc\u0103rcare a site-ului este crucial\u0103 pentru experien\u021ba utilizatorului. Alege\u021bi un furnizor de web hosting care ofer\u0103 performan\u021be rapide \u0219i fiabile.<\/li>\n\n\n\n<li>Securitatea: \u00cen mod evident, securitatea este o preocupare major\u0103 pentru site-ul dumneavoastr\u0103. Alege\u021bi un furnizor de web hosting care ofer\u0103 o protec\u021bie puternic\u0103 \u00eempotriva atacurilor cibernetice \u0219i a altor amenin\u021b\u0103ri de securitate.<\/li>\n\n\n\n<li>Suport tehnic: Este important s\u0103 alege\u021bi un furnizor de web hosting care ofer\u0103 suport tehnic de calitate. Acest lucru v\u0103 va ajuta s\u0103 aborda\u021bi problemele \u0219i s\u0103 v\u0103 rezolva\u021bi problemele rapid \u0219i eficient.<\/li>\n<\/ul>\n\n\n\n<p>Cu o infrastructura bazata pe echipamente premium, <strong>Dynamic Telecom<\/strong> va ofera toate cele de mai sus la un nivel de calitate maxim. \u00cen plus, avem mai multe tipuri de servicii de web hosting disponibile, cum ar fi:<\/p>\n\n\n\n<ol class=\"wp-block-list\">\n<li><span style=\"text-decoration: underline;\"><strong>Shared hosting<\/strong><\/span>: Acesta este cel mai comun tip de hosting \u0219i este potrivit pentru site-uri web mai mici. Acesta implic\u0103 \u00eemp\u0103r\u021birea unui server \u00eentre mai mul\u021bi utilizatori.<\/li>\n\n\n\n<li><span style=\"text-decoration: underline;\"><strong>VPS hosting<\/strong><\/span>: Acest tip de hosting implic\u0103 \u00eemp\u0103r\u021birea unui server virtual \u00eentre mai mul\u021bi utilizatori. Acesta ofer\u0103 mai mult\u0103 flexibilitate \u0219i control dec\u00e2t shared hosting.<\/li>\n\n\n\n<li><span style=\"text-decoration: underline;\"><strong>Dedicated hosting<\/strong><\/span>: Acest tip de hosting implic\u0103 \u00eenchirierea unui server \u00eentreg pentru site-ul dumneavoastr\u0103. Acesta ofer\u0103 cea mai mare flexibilitate \u0219i control, dar este \u0219i cel mai scump.<\/li>\n\n\n\n<li><span style=\"text-decoration: underline;\"><strong>Cloud hosting<\/strong><\/span>: Acest tip de hosting implic\u0103 utilizarea mai multor servere interconectate pentru a g\u0103zdui un site web. Acesta ofer\u0103 scalabilitate \u0219i flexibilitate \u0219i este potrivit pentru site-uri web cu trafic variabil.<\/li>\n<\/ol>\n\n\n\n<div style=\"height:27px\" aria-hidden=\"true\" class=\"wp-block-spacer\"><\/div>\n\n\n\n<p>Pentru o oferta personalizata, nu ezitati sa ne contactati!<\/p>\n\n\n\n<div style=\"height:51px\" aria-hidden=\"true\" class=\"wp-block-spacer\"><\/div>\n","protected":false},"excerpt":{"rendered":"<p>Web hosting-ul reprezint\u0103 serviciul de g\u0103zduire a unui site web pe un server. Acesta permite utilizatorilor s\u0103 \u00ee\u0219i publice site-ul pe internet \u0219i s\u0103 \u00eel fac\u0103 accesibil vizitatorilor din \u00eentreaga lume. Exist\u0103 o varietate de servicii de web hosting disponibile, iar alegerea unuia depinde de nevoile specifice ale site-ului dumneavoastr\u0103. Iat\u0103 c\u00e2teva caracteristici importante pe [&hellip;]<\/p>\n","protected":false},"author":1,"featured_media":0,"parent":0,"menu_order":0,"comment_status":"closed","ping_status":"closed","template":"","meta":{"footnotes":""},"class_list":["post-128","page","type-page","status-publish","hentry"],"_links":{"self":[{"href":"http:\/\/www.dynamictelecom.net\/index.php?rest_route=\/wp\/v2\/pages\/128","targetHints":{"allow":["GET"]}}],"collection":[{"href":"http:\/\/www.dynamictelecom.net\/index.php?rest_route=\/wp\/v2\/pages"}],"about":[{"href":"http:\/\/www.dynamictelecom.net\/index.php?rest_route=\/wp\/v2\/types\/page"}],"author":[{"embeddable":true,"href":"http:\/\/www.dynamictelecom.net\/index.php?rest_route=\/wp\/v2\/users\/1"}],"replies":[{"embeddable":true,"href":"http:\/\/www.dynamictelecom.net\/index.php?rest_route=%2Fwp%2Fv2%2Fcomments&post=128"}],"version-history":[{"count":10,"href":"http:\/\/www.dynamictelecom.net\/index.php?rest_route=\/wp\/v2\/pages\/128\/revisions"}],"predecessor-version":[{"id":181,"href":"http:\/\/www.dynamictelecom.net\/index.php?rest_route=\/wp\/v2\/pages\/128\/revisions\/181"}],"wp:attachment":[{"href":"http:\/\/www.dynamictelecom.net\/index.php?rest_route=%2Fwp%2Fv2%2Fmedia&parent=128"}],"curies":[{"name":"wp","href":"https:\/\/api.w.org\/{rel}","templated":true}]}}